{"id":18,"date":"2013-03-07T19:47:00","date_gmt":"2013-03-07T18:47:00","guid":{"rendered":"https:\/\/www.yourtrainingpartner.de\/en\/?page_id=18"},"modified":"2025-09-23T18:51:14","modified_gmt":"2025-09-23T16:51:14","slug":"imprint","status":"publish","type":"page","link":"https:\/\/www.yourtrainingpartner.de\/en\/imprint\/","title":{"rendered":"Imprint"},"content":{"rendered":"<p><strong>Susann Patuschka<\/strong><br \/>\nYour Training Partner<\/p>\n<p>Schulgasse 7<br \/>\n38126 Braunschweig<br \/>\nGermany<\/p>\n<p>Tel: +49 531 2850 452<br \/>\nMobil: +49 151 52491652<br \/>\nemail: <a href=\"mailto:pa&#116;&#117;&#115;c&#104;ka&#64;you&#114;t&#114;&#97;inin&#103;&#112;a&#114;&#116;n&#101;r.&#100;&#101;\">&#112;&#97;&#116;uschka&#64;&#121;&#111;&#117;rt&#114;&#97;&#105;n&#105;&#110;g&#112;&#97;rt&#110;&#101;r&#46;d&#101;<\/a><\/p>\n<p><strong>Ust.ID.Nr:<\/strong> DE 231129744<br \/>\n<strong>Inhaltlich Verantwortlich gem\u00e4\u00df \u00a7 6 MDStV:<\/strong> Susann Patuschka<\/p>\n<div class=\"clear line\"><\/div>\n<h3>Haftungshinweis<\/h3>\n<p>Trotz sorgf\u00e4ltiger inhaltlicher Kontrolle \u00fcbernehmen wir keine Haftung f\u00fcr die Inhalte externer Links. F\u00fcr den Inhalt der verlinkten Seiten sind ausschlie\u00dflich deren Betreiber verantwortlich.<\/p>\n<p>Alle Texte, Grafiken und Bilder auf dieser Website unterliegen dem Copyright von Susann Patuschka und sind eventuell durch Dritte zus\u00e4tzlich urheberrechtlich gesch\u00fctzt. Kein Teil dieser Publikation darf ohne schriftliche Genehmigung in irgendeiner Form reproduziert und unter Verwendung elektronischer Systeme verarbeitet, vervielf\u00e4ltigt oder verbreitet werden.\u2028\u2028 Eine Haftung f\u00fcr die Richtigkeit der Inhalte auf <a href=\"https:\/\/www.yourtrainingpartner.de\">www.yourtrainingpartner.de<\/a> kann trotz sorgf\u00e4ltiger Pr\u00fcfung der Herausgeberin nicht \u00fcbernommen werden. Susann Patuschka \u00fcbernimmt keine Haftung f\u00fcr die Datensicherheit der \u00fcber die Website oder per E-Mail eingesandten Informationen jeglicher Art.<\/p>\n","protected":false},"excerpt":{"rendered":"<p>Susann Patuschka Your Training Partner Schulgasse 7 38126 Braunschweig Germany Tel: +49 531 2850 452 Mobil: +49 151 52491652 email: Ust.ID.Nr: DE 231129744 Inhaltlich Verantwortlich gem\u00e4\u00df \u00a7 6 MDStV: Susann&#8230;<\/p>\n","protected":false},"author":1,"featured_media":0,"parent":0,"menu_order":100,"comment_status":"closed","ping_status":"closed","template":"","meta":{"_acf_changed":false,"footnotes":""},"class_list":["post-18","page","type-page","status-publish","hentry"],"acf":[],"_links":{"self":[{"href":"https:\/\/www.yourtrainingpartner.de\/en\/wp-json\/wp\/v2\/pages\/18","targetHints":{"allow":["GET"]}}],"collection":[{"href":"https:\/\/www.yourtrainingpartner.de\/en\/wp-json\/wp\/v2\/pages"}],"about":[{"href":"https:\/\/www.yourtrainingpartner.de\/en\/wp-json\/wp\/v2\/types\/page"}],"author":[{"embeddable":true,"href":"https:\/\/www.yourtrainingpartner.de\/en\/wp-json\/wp\/v2\/users\/1"}],"replies":[{"embeddable":true,"href":"https:\/\/www.yourtrainingpartner.de\/en\/wp-json\/wp\/v2\/comments?post=18"}],"version-history":[{"count":7,"href":"https:\/\/www.yourtrainingpartner.de\/en\/wp-json\/wp\/v2\/pages\/18\/revisions"}],"predecessor-version":[{"id":209,"href":"https:\/\/www.yourtrainingpartner.de\/en\/wp-json\/wp\/v2\/pages\/18\/revisions\/209"}],"wp:attachment":[{"href":"https:\/\/www.yourtrainingpartner.de\/en\/wp-json\/wp\/v2\/media?parent=18"}],"curies":[{"name":"wp","href":"https:\/\/api.w.org\/{rel}","templated":true}]}}